{"id":2,"date":"2023-10-11T17:45:30","date_gmt":"2023-10-11T17:45:30","guid":{"rendered":"http:\/\/lapra.net\/?page_id=2"},"modified":"2025-12-18T22:50:50","modified_gmt":"2025-12-18T22:50:50","slug":"sample-page","status":"publish","type":"page","link":"https:\/\/lapra.net\/","title":{"rendered":"Lapra.net"},"content":{"rendered":"\n<p class=\"has-black-color has-text-color has-link-color wp-elements-6030c02a0ea92b3a17ca59a8d97bc8fb\">Itserakenneltuja juttuja.<\/p>\n\n\n\n<p class=\"has-black-color has-text-color has-link-color wp-elements-a090bc7ef66ba238ea088e22dd70629c\">L\u00e4hden kasailemaan t\u00e4lle sivustolle omia virityksi\u00e4, joita on jo tehty tai tullaan tekem\u00e4\u00e4n:<\/p>\n\n\n\n<blockquote class=\"wp-block-quote has-tertiary-color has-text-color has-link-color wp-elements-25168474c012319c253d372ea8eb95b0 is-layout-flow wp-block-quote-is-layout-flow\">\n<p class=\"has-black-color has-text-color has-link-color wp-elements-5d2c523390eedba19bb15bdc0f90fb3f\">Itse olen kahden lapsen is\u00e4 ja vapaa-aikani viet\u00e4n usein koneiden ja rakentelun parissa. (Yll\u00e4tys) Yrit\u00e4n oppia aina uutta ja mielenkiintoista varsinkin rakentelun saralta. Ty\u00f6kalut eiv\u00e4t ehk\u00e4 ole aivan minimaalisimmat, muttei mit\u00e4\u00e4n ammattitason pajan kalustoakaan. Ei siis sorvaamista, korkeintaan sormella nen\u00e4\u00e4. <\/p>\n<\/blockquote>\n\n\n\n<p class=\"has-black-color has-text-color has-link-color wp-elements-1371d8c76db6eb00abb9a0aea20b9078\">&#8230;. Itse rakentelusta<\/p>\n\n\n\n<blockquote class=\"wp-block-quote has-tertiary-color has-text-color has-link-color wp-elements-1dfa9b315c6c250b31e6670b90ab0cc7 is-layout-flow wp-block-quote-is-layout-flow\">\n<p class=\"has-black-color has-text-color has-link-color wp-elements-59857916b853b805ed4423e55c3b1725\">Rakentelu ei luultavasti rajoitu mihink\u00e4\u00e4n tiettyyn osioon vaan t\u00e4\u00e4ll\u00e4 voi olla aivan mit\u00e4 vaan. Mopoista autoihin, puhelimista tietokoneisiin. Ja huomio sille, etten varmaan tee aina kaikkea kuten on\/olisi kirjoitettu. Vaan s\u00e4vell\u00e4n, niin ett\u00e4 homma onnistuu jotenkin. Kritiikki on siis turhaa. Kaikesta varmasti l\u00f6ytyy mokailua ja virheit\u00e4, mutta jos se kelpaa minulle se kelpaa katsojalle. Voi katsoja sitten itse parannella miten haluaa. Homman nimi ei ole ohjeistaa ket\u00e4\u00e4n tekem\u00e4\u00e4n niin kuin min\u00e4 teen. Vaan ehk\u00e4 huomaamaan virheet ja oppimaan vaikka sen, kuinka EI kannata tehd\u00e4.<\/p>\n<\/blockquote>\n\n\n\n<p><\/p>\n","protected":false},"excerpt":{"rendered":"<p>Itserakenneltuja juttuja. L\u00e4hden kasailemaan t\u00e4lle sivustolle omia virityksi\u00e4, joita on jo tehty tai tullaan tekem\u00e4\u00e4n: Itse olen kahden lapsen is\u00e4 ja vapaa-aikani viet\u00e4n usein koneiden ja rakentelun parissa. (Yll\u00e4tys) Yrit\u00e4n oppia aina uutta ja mielenkiintoista varsinkin rakentelun saralta. Ty\u00f6kalut eiv\u00e4t ehk\u00e4 ole aivan minimaalisimmat, muttei mit\u00e4\u00e4n ammattitason pajan kalustoakaan. Ei siis sorvaamista, korkeintaan sormella nen\u00e4\u00e4. [&hellip;]<\/p>\n","protected":false},"author":1,"featured_media":0,"parent":0,"menu_order":0,"comment_status":"closed","ping_status":"open","template":"","meta":{"footnotes":""},"class_list":["post-2","page","type-page","status-publish","hentry"],"_links":{"self":[{"href":"https:\/\/lapra.net\/index.php\/wp-json\/wp\/v2\/pages\/2","targetHints":{"allow":["GET"]}}],"collection":[{"href":"https:\/\/lapra.net\/index.php\/wp-json\/wp\/v2\/pages"}],"about":[{"href":"https:\/\/lapra.net\/index.php\/wp-json\/wp\/v2\/types\/page"}],"author":[{"embeddable":true,"href":"https:\/\/lapra.net\/index.php\/wp-json\/wp\/v2\/users\/1"}],"replies":[{"embeddable":true,"href":"https:\/\/lapra.net\/index.php\/wp-json\/wp\/v2\/comments?post=2"}],"version-history":[{"count":10,"href":"https:\/\/lapra.net\/index.php\/wp-json\/wp\/v2\/pages\/2\/revisions"}],"predecessor-version":[{"id":141,"href":"https:\/\/lapra.net\/index.php\/wp-json\/wp\/v2\/pages\/2\/revisions\/141"}],"wp:attachment":[{"href":"https:\/\/lapra.net\/index.php\/wp-json\/wp\/v2\/media?parent=2"}],"curies":[{"name":"wp","href":"https:\/\/api.w.org\/{rel}","templated":true}]}}